{"id":108,"date":"2025-04-22T10:43:48","date_gmt":"2025-04-22T10:43:48","guid":{"rendered":"https:\/\/aslannakliyatelazig.com.tr\/?page_id=108"},"modified":"2025-04-22T10:53:09","modified_gmt":"2025-04-22T10:53:09","slug":"araclarimiz","status":"publish","type":"page","link":"https:\/\/aslannakliyatelazig.com.tr\/index.php\/araclarimiz\/","title":{"rendered":"Ara\u00e7lar\u0131m\u0131z"},"content":{"rendered":"\n<div class=\"wp-block-columns is-layout-flex wp-container-core-columns-is-layout-9d6595d7 wp-block-columns-is-layout-flex\">\n<div class=\"wp-block-column is-layout-flow wp-block-column-is-layout-flow\" style=\"flex-basis:100%\">\n<div class=\"wp-block-group\"><div class=\"wp-block-group__inner-container is-layout-constrained wp-block-group-is-layout-constrained\">\n<div class=\"wp-block-columns is-layout-flex wp-container-core-columns-is-layout-9d6595d7 wp-block-columns-is-layout-flex\">\n<div class=\"wp-block-column is-layout-flow wp-block-column-is-layout-flow\" style=\"flex-basis:100%\">\n<figure class=\"wp-block-gallery has-nested-images columns-default is-cropped wp-block-gallery-1 is-layout-flex wp-block-gallery-is-layout-flex\">\n<figure class=\"wp-block-image size-large\"><img loading=\"lazy\" decoding=\"async\" width=\"1024\" height=\"683\" data-id=\"114\" src=\"https:\/\/aslannakliyatelazig.com.tr\/wp-content\/uploads\/2025\/04\/1-2.webp\" alt=\"\" class=\"wp-image-114\" srcset=\"https:\/\/aslannakliyatelazig.com.tr\/wp-content\/uploads\/2025\/04\/1-2.webp 1024w, https:\/\/aslannakliyatelazig.com.tr\/wp-content\/uploads\/2025\/04\/1-2-300x200.webp 300w, https:\/\/aslannakliyatelazig.com.tr\/wp-content\/uploads\/2025\/04\/1-2-768x512.webp 768w\" sizes=\"auto, (max-width: 1024px) 100vw, 1024px\" \/><\/figure>\n\n\n\n<figure class=\"wp-block-image size-large\"><img loading=\"lazy\" decoding=\"async\" width=\"800\" height=\"600\" data-id=\"112\" src=\"https:\/\/aslannakliyatelazig.com.tr\/wp-content\/uploads\/2025\/04\/2-1.webp\" alt=\"\" class=\"wp-image-112\" srcset=\"https:\/\/aslannakliyatelazig.com.tr\/wp-content\/uploads\/2025\/04\/2-1.webp 800w, https:\/\/aslannakliyatelazig.com.tr\/wp-content\/uploads\/2025\/04\/2-1-300x225.webp 300w, https:\/\/aslannakliyatelazig.com.tr\/wp-content\/uploads\/2025\/04\/2-1-768x576.webp 768w\" sizes=\"auto, (max-width: 800px) 100vw, 800px\" \/><\/figure>\n\n\n\n<figure class=\"wp-block-image size-large\"><img loading=\"lazy\" decoding=\"async\" width=\"673\" height=\"434\" data-id=\"113\" src=\"https:\/\/aslannakliyatelazig.com.tr\/wp-content\/uploads\/2025\/04\/3.webp\" alt=\"\" class=\"wp-image-113\" srcset=\"https:\/\/aslannakliyatelazig.com.tr\/wp-content\/uploads\/2025\/04\/3.webp 673w, https:\/\/aslannakliyatelazig.com.tr\/wp-content\/uploads\/2025\/04\/3-300x193.webp 300w\" sizes=\"auto, (max-width: 673px) 100vw, 673px\" \/><\/figure>\n\n\n\n<figure class=\"wp-block-image size-large\"><img loading=\"lazy\" decoding=\"async\" width=\"300\" height=\"169\" data-id=\"110\" src=\"https:\/\/aslannakliyatelazig.com.tr\/wp-content\/uploads\/2025\/04\/4-1.webp\" alt=\"\" class=\"wp-image-110\"\/><\/figure>\n\n\n\n<figure class=\"wp-block-image size-large\"><img loading=\"lazy\" decoding=\"async\" width=\"300\" height=\"172\" data-id=\"111\" src=\"https:\/\/aslannakliyatelazig.com.tr\/wp-content\/uploads\/2025\/04\/5-2.webp\" alt=\"\" class=\"wp-image-111\"\/><\/figure>\n\n\n\n<figure class=\"wp-block-image size-large\"><img loading=\"lazy\" decoding=\"async\" width=\"300\" height=\"250\" data-id=\"115\" src=\"https:\/\/aslannakliyatelazig.com.tr\/wp-content\/uploads\/2025\/04\/6-1.webp\" alt=\"\" class=\"wp-image-115\"\/><\/figure>\n\n\n\n<figure class=\"wp-block-image size-large\"><img loading=\"lazy\" decoding=\"async\" width=\"768\" height=\"601\" data-id=\"116\" src=\"https:\/\/aslannakliyatelazig.com.tr\/wp-content\/uploads\/2025\/04\/7-1.webp\" alt=\"\" class=\"wp-image-116\" srcset=\"https:\/\/aslannakliyatelazig.com.tr\/wp-content\/uploads\/2025\/04\/7-1.webp 768w, https:\/\/aslannakliyatelazig.com.tr\/wp-content\/uploads\/2025\/04\/7-1-300x235.webp 300w\" sizes=\"auto, (max-width: 768px) 100vw, 768px\" \/><\/figure>\n\n\n\n<figure class=\"wp-block-image size-large\"><img loading=\"lazy\" decoding=\"async\" width=\"768\" height=\"432\" data-id=\"117\" src=\"https:\/\/aslannakliyatelazig.com.tr\/wp-content\/uploads\/2025\/04\/8-1.webp\" alt=\"\" class=\"wp-image-117\" srcset=\"https:\/\/aslannakliyatelazig.com.tr\/wp-content\/uploads\/2025\/04\/8-1.webp 768w, https:\/\/aslannakliyatelazig.com.tr\/wp-content\/uploads\/2025\/04\/8-1-300x169.webp 300w\" sizes=\"auto, (max-width: 768px) 100vw, 768px\" \/><\/figure>\n<\/figure>\n<\/div>\n<\/div>\n<\/div><\/div>\n<\/div>\n<\/div>\n","protected":false},"excerpt":{"rendered":"","protected":false},"author":1,"featured_media":0,"parent":0,"menu_order":0,"comment_status":"closed","ping_status":"closed","template":"","meta":{"_joinchat":[],"footnotes":""},"class_list":["post-108","page","type-page","status-publish","hentry"],"_links":{"self":[{"href":"https:\/\/aslannakliyatelazig.com.tr\/index.php\/wp-json\/wp\/v2\/pages\/108","targetHints":{"allow":["GET"]}}],"collection":[{"href":"https:\/\/aslannakliyatelazig.com.tr\/index.php\/wp-json\/wp\/v2\/pages"}],"about":[{"href":"https:\/\/aslannakliyatelazig.com.tr\/index.php\/wp-json\/wp\/v2\/types\/page"}],"author":[{"embeddable":true,"href":"https:\/\/aslannakliyatelazig.com.tr\/index.php\/wp-json\/wp\/v2\/users\/1"}],"replies":[{"embeddable":true,"href":"https:\/\/aslannakliyatelazig.com.tr\/index.php\/wp-json\/wp\/v2\/comments?post=108"}],"version-history":[{"count":1,"href":"https:\/\/aslannakliyatelazig.com.tr\/index.php\/wp-json\/wp\/v2\/pages\/108\/revisions"}],"predecessor-version":[{"id":118,"href":"https:\/\/aslannakliyatelazig.com.tr\/index.php\/wp-json\/wp\/v2\/pages\/108\/revisions\/118"}],"wp:attachment":[{"href":"https:\/\/aslannakliyatelazig.com.tr\/index.php\/wp-json\/wp\/v2\/media?parent=108"}],"curies":[{"name":"wp","href":"https:\/\/api.w.org\/{rel}","templated":true}]}}