{"id":2,"date":"2025-04-22T08:33:22","date_gmt":"2025-04-22T08:33:22","guid":{"rendered":"https:\/\/aslannakliyatelazig.com.tr\/?page_id=2"},"modified":"2025-04-22T10:44:06","modified_gmt":"2025-04-22T10:44:06","slug":"sample-page","status":"publish","type":"page","link":"https:\/\/aslannakliyatelazig.com.tr\/index.php\/sample-page\/","title":{"rendered":"Hakk\u0131m\u0131zda"},"content":{"rendered":"<div data-colibri-id=\"2-c1\" class=\"style-344 style-local-2-c1 position-relative\">\n  <!---->\n  <div data-colibri-component=\"section\" data-colibri-id=\"2-c2\" id=\"initial-content\" class=\"h-section h-section-global-spacing d-flex align-items-lg-center align-items-md-center align-items-center style-345 style-local-2-c2 position-relative\">\n    <!---->\n    <!---->\n    <div class=\"h-section-grid-container h-section-boxed-container\">\n      <!---->\n      <div data-colibri-id=\"2-c3\" class=\"h-row-container gutters-row-lg-2 gutters-row-md-2 gutters-row-0 gutters-row-v-lg-2 gutters-row-v-md-2 gutters-row-v-2 style-346 style-local-2-c3 position-relative\">\n        <!---->\n        <div class=\"h-row justify-content-lg-center justify-content-md-center justify-content-center align-items-lg-stretch align-items-md-stretch align-items-stretch gutters-col-lg-2 gutters-col-md-2 gutters-col-0 gutters-col-v-lg-2 gutters-col-v-md-2 gutters-col-v-2\">\n          <!---->\n          <div class=\"h-column h-column-container d-flex h-col-lg-auto h-col-md-auto h-col-auto style-347-outer style-local-2-c4-outer\">\n            <div data-colibri-id=\"2-c4\" class=\"d-flex h-flex-basis h-column__inner h-px-lg-2 h-px-md-2 h-px-2 v-inner-lg-2 v-inner-md-2 v-inner-2 style-347 style-local-2-c4 position-relative\">\n              <!---->\n              <!---->\n              <div class=\"w-100 h-y-container h-column__content h-column__v-align flex-basis-100 align-self-lg-start align-self-md-start align-self-start\">\n                <!---->\n                <div data-colibri-id=\"2-c6\" class=\"h-text h-text-component style-349 style-local-2-c6 position-relative h-element\">\n                  <!---->\n                  <!---->\n                  <div class=\"\">\n                    <p><strong>Elaz\u0131\u011f Aslan Evden Eve Ta\u015f\u0131mac\u0131l\u0131k<\/strong>, 1996 y\u0131l\u0131ndan bu yana ta\u015f\u0131mac\u0131l\u0131k sekt\u00f6r\u00fcnde g\u00fcvenin, kalitenin ve m\u00fc\u015fteri memnuniyetinin simgesi olmu\u015ftur. Kuruldu\u011fumuz ilk g\u00fcnden itibaren, i\u015fimizi sadece e\u015fya ta\u015f\u0131mak olarak de\u011fil,\n                      insanlar\u0131n hayatlar\u0131na kolayl\u0131k ve huzur katmak olarak g\u00f6rd\u00fck.<\/p>\n                    <p>Y\u00fczlerce ba\u015far\u0131l\u0131 ta\u015f\u0131ma operasyonu, binlerce mutlu m\u00fc\u015fteri ve kazand\u0131\u011f\u0131m\u0131z <em>Elaz\u0131\u011f\u2019\u0131n En \u0130yi Nakliye Firmas\u0131<\/em> \u00f6d\u00fcl\u00fc ile sekt\u00f6rdeki \u00f6nc\u00fcl\u00fc\u011f\u00fcm\u00fcz\u00fc gururla s\u00fcrd\u00fcr\u00fcyoruz. Her biri alan\u0131nda uzman ekibimiz ve son teknolojiye sahip\n                      ara\u00e7 filomuzla, e\u015fyalar\u0131n\u0131z\u0131 sadece ta\u015f\u0131maz, g\u00fcvenle yeni ya\u015fam alan\u0131n\u0131za ula\u015ft\u0131r\u0131r\u0131z.<\/p>\n                    <p><strong>Ta\u015f\u0131mac\u0131l\u0131k hizmetimiz tamamen s\u00f6zle\u015fmeli ve sigortal\u0131d\u0131r.<\/strong> B\u00f6ylece m\u00fc\u015fterilerimize sadece hizmet de\u011fil, ayn\u0131 zamanda g\u00fcvence de sunar\u0131z. E\u015fyalar\u0131n\u0131z, bizde de\u011fer g\u00f6r\u00fcr.<\/p>\n                    <p>Kalite, \u015feffafl\u0131k ve d\u00fcr\u00fcstl\u00fck ilkeleriyle \u00e7\u0131kt\u0131\u011f\u0131m\u0131z bu yolda, sizlere her zaman en iyi hizmeti sunmak i\u00e7in \u00e7al\u0131\u015f\u0131yoruz. Elaz\u0131\u011f\u2019da evden eve ta\u015f\u0131mac\u0131l\u0131\u011f\u0131n g\u00fcvenilir adresi olarak, sizi de memnun m\u00fc\u015fterilerimiz aras\u0131nda g\u00f6rmekten mutluluk\n                      duyar\u0131z.<\/p>\n                    <p><strong>Elaz\u0131\u011f Aslan Nakliyat \u2013 Ta\u015f\u0131nman\u0131n En G\u00fcvenli Yolu!<\/strong><\/p>\n                  <\/div>\n                <\/div>\n              <\/div>\n            <\/div>\n          <\/div>\n        <\/div>\n      <\/div>\n    <\/div>\n  <\/div>\n<\/div>","protected":false},"excerpt":{"rendered":"<p>Elaz\u0131\u011f Aslan Evden Eve Ta\u015f\u0131mac\u0131l\u0131k, 1996 y\u0131l\u0131ndan bu yana ta\u015f\u0131mac\u0131l\u0131k sekt\u00f6r\u00fcnde g\u00fcvenin, kalitenin ve m\u00fc\u015fteri memnuniyetinin simgesi olmu\u015ftur. Kuruldu\u011fumuz ilk g\u00fcnden itibaren, i\u015fimizi sadece e\u015fya ta\u015f\u0131mak olarak de\u011fil, insanlar\u0131n hayatlar\u0131na kolayl\u0131k ve huzur katmak olarak g\u00f6rd\u00fck. Y\u00fczlerce ba\u015far\u0131l\u0131 ta\u015f\u0131ma operasyonu, binlerce mutlu m\u00fc\u015fteri ve kazand\u0131\u011f\u0131m\u0131z Elaz\u0131\u011f\u2019\u0131n En \u0130yi Nakliye Firmas\u0131 \u00f6d\u00fcl\u00fc ile sekt\u00f6rdeki \u00f6nc\u00fcl\u00fc\u011f\u00fcm\u00fcz\u00fc gururla [&hellip;]<\/p>\n","protected":false},"author":1,"featured_media":0,"parent":0,"menu_order":0,"comment_status":"closed","ping_status":"closed","template":"page-templates\/full-width-page.php","meta":{"_joinchat":[],"footnotes":""},"class_list":["post-2","page","type-page","status-publish","hentry"],"_links":{"self":[{"href":"https:\/\/aslannakliyatelazig.com.tr\/index.php\/wp-json\/wp\/v2\/pages\/2","targetHints":{"allow":["GET"]}}],"collection":[{"href":"https:\/\/aslannakliyatelazig.com.tr\/index.php\/wp-json\/wp\/v2\/pages"}],"about":[{"href":"https:\/\/aslannakliyatelazig.com.tr\/index.php\/wp-json\/wp\/v2\/types\/page"}],"author":[{"embeddable":true,"href":"https:\/\/aslannakliyatelazig.com.tr\/index.php\/wp-json\/wp\/v2\/users\/1"}],"replies":[{"embeddable":true,"href":"https:\/\/aslannakliyatelazig.com.tr\/index.php\/wp-json\/wp\/v2\/comments?post=2"}],"version-history":[{"count":2,"href":"https:\/\/aslannakliyatelazig.com.tr\/index.php\/wp-json\/wp\/v2\/pages\/2\/revisions"}],"predecessor-version":[{"id":101,"href":"https:\/\/aslannakliyatelazig.com.tr\/index.php\/wp-json\/wp\/v2\/pages\/2\/revisions\/101"}],"wp:attachment":[{"href":"https:\/\/aslannakliyatelazig.com.tr\/index.php\/wp-json\/wp\/v2\/media?parent=2"}],"curies":[{"name":"wp","href":"https:\/\/api.w.org\/{rel}","templated":true}]}}